{"id":3,"date":"2009-03-04T23:47:26","date_gmt":"2009-03-04T22:47:26","guid":{"rendered":"http:\/\/www.graetzer.net\/ksv\/?page_id=3"},"modified":"2026-02-10T18:13:16","modified_gmt":"2026-02-10T17:13:16","slug":"impressum","status":"publish","type":"page","link":"https:\/\/www.kelsterbacher-schachverein.de\/?page_id=3","title":{"rendered":"Impressum"},"content":{"rendered":"<p><strong>Kelsterbacher Schachverein 1920 e.V.<\/strong><br \/>\nAn der Kesselschmiede 16<br \/>\n65451 Kelsterbach<\/p>\n<p>Tel.: 0172\/2896593<br \/>\nE-Mail: Rogerburow@web.de<br \/>\nInternet: <a href=\"https:\/\/www.kelsterbacher-schachverein.de\">https:\/\/www.kelsterbacher-schachverein.de<\/a>,<br \/>\n<a href=\"https:\/\/www.schachverein-kelsterbach.de\">https:\/\/www.schachverein-kelsterbach.de<\/a>, <a href=\"https:\/\/www.ksv1920.de\">https:\/\/www.ksv1920.de<\/a><\/p>\n<p>Vertretungsberechtigter Vorstand: Roger Burow (1. Vorsitzender)<br \/>\nRegistergericht: Amtsgericht R\u00fcsselsheim<br \/>\nRegisternummer: VR xxx<\/p>\n<p><strong>Inhaltlich Verantwortlicher gem\u00e4\u00df \u00a7 55 Abs. 2 RStV:<\/strong><br \/>\nChristopher Ziegler<br \/>\nE-Mail: christopher.ziegler(at)kelsterbacher-schachverein.de<\/p>\n<p><strong>Haftungshinweis:<\/strong><br \/>\nTrotz sorgf\u00e4ltiger inhaltlicher Kontrolle \u00fcbernehmen wir keine Haftung f\u00fcr die Inhalte externer Links.<br \/>\nF\u00fcr den Inhalt der verlinkten Seiten sind ausschlie\u00dflich deren Betreiber verantwortlich.<\/p>\n","protected":false},"excerpt":{"rendered":"<p>Kelsterbacher Schachverein 1920 e.V. An der Kesselschmiede 16 65451 Kelsterbach Tel.: 0172\/2896593 E-Mail: Rogerburow@web.de Internet: https:\/\/www.kelsterbacher-schachverein.de, https:\/\/www.schachverein-kelsterbach.de, https:\/\/www.ksv1920.de Vertretungsberechtigter Vorstand: Roger Burow (1. Vorsitzender) Registergericht: Amtsgericht R\u00fcsselsheim Registernummer: VR xxx Inhaltlich Verantwortlicher gem\u00e4\u00df \u00a7 55 Abs. 2 RStV: Christopher Ziegler E-Mail: christopher.ziegler(at)kelsterbacher-schachverein.de Haftungshinweis: Trotz sorgf\u00e4ltiger inhaltlicher Kontrolle \u00fcbernehmen wir keine Haftung f\u00fcr die Inhalte externer [&hellip;]<\/p>\n","protected":false},"author":1,"featured_media":0,"parent":0,"menu_order":6,"comment_status":"closed","ping_status":"closed","template":"","meta":{"ngg_post_thumbnail":0,"footnotes":""},"aioseo_notices":[],"_links":{"self":[{"href":"https:\/\/www.kelsterbacher-schachverein.de\/index.php?rest_route=\/wp\/v2\/pages\/3"}],"collection":[{"href":"https:\/\/www.kelsterbacher-schachverein.de\/index.php?rest_route=\/wp\/v2\/pages"}],"about":[{"href":"https:\/\/www.kelsterbacher-schachverein.de\/index.php?rest_route=\/wp\/v2\/types\/page"}],"author":[{"embeddable":true,"href":"https:\/\/www.kelsterbacher-schachverein.de\/index.php?rest_route=\/wp\/v2\/users\/1"}],"replies":[{"embeddable":true,"href":"https:\/\/www.kelsterbacher-schachverein.de\/index.php?rest_route=%2Fwp%2Fv2%2Fcomments&post=3"}],"version-history":[{"count":6,"href":"https:\/\/www.kelsterbacher-schachverein.de\/index.php?rest_route=\/wp\/v2\/pages\/3\/revisions"}],"predecessor-version":[{"id":10113,"href":"https:\/\/www.kelsterbacher-schachverein.de\/index.php?rest_route=\/wp\/v2\/pages\/3\/revisions\/10113"}],"wp:attachment":[{"href":"https:\/\/www.kelsterbacher-schachverein.de\/index.php?rest_route=%2Fwp%2Fv2%2Fmedia&parent=3"}],"curies":[{"name":"wp","href":"https:\/\/api.w.org\/{rel}","templated":true}]}}